{"id":14,"date":"2015-11-05T21:40:56","date_gmt":"2015-11-05T20:40:56","guid":{"rendered":"http:\/\/www.rezeptrechner-online.de\/blog\/?page_id=14"},"modified":"2015-11-06T15:50:01","modified_gmt":"2015-11-06T14:50:01","slug":"ueber","status":"publish","type":"page","link":"https:\/\/rezeptrechner-online.de\/blog\/ueber\/","title":{"rendered":"\u00dcber"},"content":{"rendered":"<p>Tipps rund um das Thema Ern\u00e4hrung gibt es im Netz wie Sand am Meer. Woche f\u00fcr Woche ploppen neue Artikel auf \u00fcber Studien, die eine neue Wunderwaffe im Kampf gegen die Pfunde entdeckt haben oder bisherige Thesen au\u00dfer Kaft setzen:<\/p>\n<div><i>&#8222;&#8230;w\u00e4hrend Ern\u00e4hrungspyramiden den Fokus fr\u00fcher noch auf Kohlenhydrate als Hauptbestandteil der Ern\u00e4hrung setzten, r\u00fcckt an deren Stelle heute Gem\u00fcse und Obst.&#8220;<br \/>\n&#8222;&#8230;pl\u00f6tzlich sind Kohlenhydrate b\u00f6se und Fette (vor allem nat\u00fcrlich die unges\u00e4ttigten) sind gern gesehene Bestandteile unserer t\u00e4glichen Ern\u00e4hrung.&#8220;<br \/>\n&#8222;&#8230;&#8220;Low Carb&#8220; wird immer beliebter, &#8222;low fat&#8220; verliert mehr und mehr an Bedeutung&#8220;<br \/>\n&#8222;&#8230;&#8220;Low GI&#8220; Produkte sind gut, einfache Zucker schlecht&#8220;<br \/>\n&#8222;&#8230;morgens am besten kein Eiweiss, lieber abends, dann aber keine Kohlenhydrate mehr&#8220;<br \/>\n&#8222;&#8230;viele\u00a0Ballaststoffe\u00a0f\u00f6rdern die Verdauung, zu viele sind schlecht f\u00fcr die Gesundheit&#8220;<br \/>\n<\/i><\/div>\n<div><\/div>\n<p>Es ist die Rede von\u201cgesunde Ern\u00e4hrung\u201c, \u201eSchlank werden\u201c, &#8222;Schlank bleiben&#8220;, \u201eAbnehmen\u201c, \u201eDi\u00e4t halten\u201c, \u201eGewicht verlieren\u201c, \u201eErn\u00e4hrung umstellen\u201c \u2013 all diese Begriffe werden kreuz und quer durcheinander geworfen. Logisch! Ist ja auch das, wonach die breite Masse sucht &#8211; Die Folge?<br \/>\nAus Artikeln, die neue Aspekte f\u00fcr oder gegen bestimmte Ern\u00e4hrungsweisen beschreiben, werden radikale Schlussfolgerungen gezogen. Man\u00a0liest Artikel zur neuen Wunderwaffe \u201eLow Carb\u201c und beschlie\u00dft von heute auf morgen keine Kohlenhydrate mehr zu essen. Aber mit welchem Ziel eigentlich? Weil man abnehmen m\u00f6chte? Weil man denkt, das w\u00e4re die ges\u00fcndere Ern\u00e4hrungsweise? Oder einfach nur, weil der Artikel sagt, Kohlenhydrate schlecht sind?<\/p>\n<div>Aber was ist denn dann jetzt richtig?<\/div>\n<p><br clear=\"all\" \/>Genau diese Frage soll diese Seite NICHT beantworten. Denn was richtig bzw falsch ist, h\u00e4ngt letztlich einzig und allein davon ab, welches Ziel ihr verfolgt. Ern\u00e4hrung ist ein super individuelles Thema. W\u00e4hrend viele Artikel versuchen die allgemeine Masse anzusprechen, wird h\u00e4ufig der Fokus auf die einzelnen individuellen Menschen mit ihren ganz pers\u00f6nlichen W\u00fcnschen\/ Vorstellungen verloren.<br \/>\nBevor wir beschlie\u00dfen aufgrund irgendeiner neuen Studie unsere Ern\u00e4hrungsweise von heute auf morgen mal wieder komplett zu \u00e4ndern (nach sp\u00e4testens einer Woche aber doch wieder aufgeben und uns fragen \u201cwozu eigentlich das Ganze?&#8220;), sollten wir uns doch erst einmal mit dem grunds\u00e4tzlichen Ziel des ganzen auseinandersetzen.<\/p>\n<p>Schon mal dar\u00fcber nachgedacht, dass<\/p>\n<div>&#8230;&#8220;Schlank werden\u201c nicht unbedingt gleichzusetzen ist mit \u201eGewicht verlieren\u201c, sondern auch nur eine Umwandlung von Fett in Muskelmasse und folglich eine straffere Figure bedeuten kann?<br \/>\n&#8230;Gewichtzunahme nicht immer verkehrt sein muss, wenn man dadurch pl\u00f6tzlich schlankere\/ muskul\u00f6sere Arme oder ein kleines Sixpack oder ein breiteres Kreuz bekommt?<br \/>\n&#8230;gesunde Ern\u00e4hrung keineswegs immer zu einem Gewichtsverlust f\u00fchren muss, sondern auch nur Hilfsmittel zum generellen Wohlbefinden sein kann?<\/div>\n<div><\/div>\n<div>In meinem Blog setze ich mich mit grunds\u00e4tzlichen Themen rund um Ern\u00e4hrung\/ Lebensmittel und deren Einfluss auf Gewicht, Gesundheit und Wohlbefinden auseinander. Dabei geht es nicht darum, bestimmte Ern\u00e4hrungsweisen zu promoten, der Blog ist vielmehr dazu gedacht, Zusammenh\u00e4nge zwischen Energiebilanz, N\u00e4hrstoffzusammensetzung und Sport zu verdeutlichen.<\/div>\n<div>Nur wer versteht, worauf bestimmte Ern\u00e4hrungsweisen\/ Di\u00e4ten abzielen, kann diese auch richtig einordnen bzw. kritisch hinterfragen. Letztlich muss dann aber jeder f\u00fcr sich\u00a0selbst entscheiden, was ihr eigentlich wollt und wie man\u00a0das Ganze f\u00fcr sich\u00a0am besten erreichen kann.<\/div>\n<div><\/div>\n<article><\/article>\n<p>Viel Spa\u00df beim Lesen.<\/p>\n<p>p.s. Ich freue mich \u00fcber jegliche Art von Feedback! Solltet ihr Anregungen\/ Verbesserungsvorschl\u00e4ge haben, lasst es mich gern wissen.<\/p>\n","protected":false},"excerpt":{"rendered":"<p>Tipps rund um das Thema Ern\u00e4hrung gibt es im Netz wie Sand am Meer. Woche f\u00fcr Woche ploppen neue Artikel auf \u00fcber Studien, die eine neue Wunderwaffe im Kampf gegen die Pfunde entdeckt haben oder bisherige Thesen au\u00dfer Kaft setzen: &#8222;&#8230;w\u00e4hrend Ern\u00e4hrungspyramiden den Fokus fr\u00fcher noch auf Kohlenhydrate als Hauptbestandteil der Ern\u00e4hrung setzten, r\u00fcckt an [&hellip;]<\/p>\n","protected":false},"author":1,"featured_media":0,"parent":0,"menu_order":0,"comment_status":"closed","ping_status":"closed","template":"","meta":{"_et_pb_use_builder":"","_et_pb_old_content":"","_et_gb_content_width":"","footnotes":""},"class_list":["post-14","page","type-page","status-publish","hentry"],"yoast_head":"<!-- This site is optimized with the Yoast SEO Premium plugin v27.0 (Yoast SEO v27.0) - https:\/\/yoast.com\/product\/yoast-seo-premium-wordpress\/ -->\n<title>\u00dcber &#060; Rezeptrechner<\/title>\n<meta name=\"robots\" content=\"index, follow, max-snippet:-1, max-image-preview:large, max-video-preview:-1\" \/>\n<link rel=\"canonical\" href=\"https:\/\/rezeptrechner-online.de\/blog\/ueber\/\" \/>\n<meta property=\"og:locale\" content=\"de_DE\" \/>\n<meta property=\"og:type\" content=\"article\" \/>\n<meta property=\"og:title\" content=\"\u00dcber\" \/>\n<meta property=\"og:description\" content=\"Tipps rund um das Thema Ern\u00e4hrung gibt es im Netz wie Sand am Meer. Woche f\u00fcr Woche ploppen neue Artikel auf \u00fcber Studien, die eine neue Wunderwaffe im Kampf gegen die Pfunde entdeckt haben oder bisherige Thesen au\u00dfer Kaft setzen: &#8222;&#8230;w\u00e4hrend Ern\u00e4hrungspyramiden den Fokus fr\u00fcher noch auf Kohlenhydrate als Hauptbestandteil der Ern\u00e4hrung setzten, r\u00fcckt an [&hellip;]\" \/>\n<meta property=\"og:url\" content=\"https:\/\/rezeptrechner-online.de\/blog\/ueber\/\" \/>\n<meta property=\"og:site_name\" content=\"Rezeptrechner\" \/>\n<meta property=\"article:modified_time\" content=\"2015-11-06T14:50:01+00:00\" \/>\n<meta name=\"twitter:card\" content=\"summary_large_image\" \/>\n<meta name=\"twitter:label1\" content=\"Gesch\u00e4tzte Lesezeit\" \/>\n\t<meta name=\"twitter:data1\" content=\"3\u00a0Minuten\" \/>\n<script type=\"application\/ld+json\" class=\"yoast-schema-graph\">{\"@context\":\"https:\/\/schema.org\",\"@graph\":[{\"@type\":\"WebPage\",\"@id\":\"https:\/\/rezeptrechner-online.de\/blog\/ueber\/\",\"url\":\"https:\/\/rezeptrechner-online.de\/blog\/ueber\/\",\"name\":\"\u00dcber &#060; Rezeptrechner\",\"isPartOf\":{\"@id\":\"https:\/\/rezeptrechner-online.de\/blog\/#website\"},\"datePublished\":\"2015-11-05T20:40:56+00:00\",\"dateModified\":\"2015-11-06T14:50:01+00:00\",\"breadcrumb\":{\"@id\":\"https:\/\/rezeptrechner-online.de\/blog\/ueber\/#breadcrumb\"},\"inLanguage\":\"de\",\"potentialAction\":[{\"@type\":\"ReadAction\",\"target\":[\"https:\/\/rezeptrechner-online.de\/blog\/ueber\/\"]}]},{\"@type\":\"BreadcrumbList\",\"@id\":\"https:\/\/rezeptrechner-online.de\/blog\/ueber\/#breadcrumb\",\"itemListElement\":[{\"@type\":\"ListItem\",\"position\":1,\"name\":\"Startseite\",\"item\":\"https:\/\/rezeptrechner-online.de\/blog\/\"},{\"@type\":\"ListItem\",\"position\":2,\"name\":\"\u00dcber\"}]},{\"@type\":\"WebSite\",\"@id\":\"https:\/\/rezeptrechner-online.de\/blog\/#website\",\"url\":\"https:\/\/rezeptrechner-online.de\/blog\/\",\"name\":\"Rezeptrechner\",\"description\":\"Blog\",\"potentialAction\":[{\"@type\":\"SearchAction\",\"target\":{\"@type\":\"EntryPoint\",\"urlTemplate\":\"https:\/\/rezeptrechner-online.de\/blog\/?s={search_term_string}\"},\"query-input\":{\"@type\":\"PropertyValueSpecification\",\"valueRequired\":true,\"valueName\":\"search_term_string\"}}],\"inLanguage\":\"de\"}]}<\/script>\n<!-- \/ Yoast SEO Premium plugin. -->","yoast_head_json":{"title":"\u00dcber &#060; Rezeptrechner","robots":{"index":"index","follow":"follow","max-snippet":"max-snippet:-1","max-image-preview":"max-image-preview:large","max-video-preview":"max-video-preview:-1"},"canonical":"https:\/\/rezeptrechner-online.de\/blog\/ueber\/","og_locale":"de_DE","og_type":"article","og_title":"\u00dcber","og_description":"Tipps rund um das Thema Ern\u00e4hrung gibt es im Netz wie Sand am Meer. Woche f\u00fcr Woche ploppen neue Artikel auf \u00fcber Studien, die eine neue Wunderwaffe im Kampf gegen die Pfunde entdeckt haben oder bisherige Thesen au\u00dfer Kaft setzen: &#8222;&#8230;w\u00e4hrend Ern\u00e4hrungspyramiden den Fokus fr\u00fcher noch auf Kohlenhydrate als Hauptbestandteil der Ern\u00e4hrung setzten, r\u00fcckt an [&hellip;]","og_url":"https:\/\/rezeptrechner-online.de\/blog\/ueber\/","og_site_name":"Rezeptrechner","article_modified_time":"2015-11-06T14:50:01+00:00","twitter_card":"summary_large_image","twitter_misc":{"Gesch\u00e4tzte Lesezeit":"3\u00a0Minuten"},"schema":{"@context":"https:\/\/schema.org","@graph":[{"@type":"WebPage","@id":"https:\/\/rezeptrechner-online.de\/blog\/ueber\/","url":"https:\/\/rezeptrechner-online.de\/blog\/ueber\/","name":"\u00dcber &#060; Rezeptrechner","isPartOf":{"@id":"https:\/\/rezeptrechner-online.de\/blog\/#website"},"datePublished":"2015-11-05T20:40:56+00:00","dateModified":"2015-11-06T14:50:01+00:00","breadcrumb":{"@id":"https:\/\/rezeptrechner-online.de\/blog\/ueber\/#breadcrumb"},"inLanguage":"de","potentialAction":[{"@type":"ReadAction","target":["https:\/\/rezeptrechner-online.de\/blog\/ueber\/"]}]},{"@type":"BreadcrumbList","@id":"https:\/\/rezeptrechner-online.de\/blog\/ueber\/#breadcrumb","itemListElement":[{"@type":"ListItem","position":1,"name":"Startseite","item":"https:\/\/rezeptrechner-online.de\/blog\/"},{"@type":"ListItem","position":2,"name":"\u00dcber"}]},{"@type":"WebSite","@id":"https:\/\/rezeptrechner-online.de\/blog\/#website","url":"https:\/\/rezeptrechner-online.de\/blog\/","name":"Rezeptrechner","description":"Blog","potentialAction":[{"@type":"SearchAction","target":{"@type":"EntryPoint","urlTemplate":"https:\/\/rezeptrechner-online.de\/blog\/?s={search_term_string}"},"query-input":{"@type":"PropertyValueSpecification","valueRequired":true,"valueName":"search_term_string"}}],"inLanguage":"de"}]}},"_links":{"self":[{"href":"https:\/\/rezeptrechner-online.de\/blog\/wp-json\/wp\/v2\/pages\/14","targetHints":{"allow":["GET"]}}],"collection":[{"href":"https:\/\/rezeptrechner-online.de\/blog\/wp-json\/wp\/v2\/pages"}],"about":[{"href":"https:\/\/rezeptrechner-online.de\/blog\/wp-json\/wp\/v2\/types\/page"}],"author":[{"embeddable":true,"href":"https:\/\/rezeptrechner-online.de\/blog\/wp-json\/wp\/v2\/users\/1"}],"replies":[{"embeddable":true,"href":"https:\/\/rezeptrechner-online.de\/blog\/wp-json\/wp\/v2\/comments?post=14"}],"version-history":[{"count":4,"href":"https:\/\/rezeptrechner-online.de\/blog\/wp-json\/wp\/v2\/pages\/14\/revisions"}],"predecessor-version":[{"id":19,"href":"https:\/\/rezeptrechner-online.de\/blog\/wp-json\/wp\/v2\/pages\/14\/revisions\/19"}],"wp:attachment":[{"href":"https:\/\/rezeptrechner-online.de\/blog\/wp-json\/wp\/v2\/media?parent=14"}],"curies":[{"name":"wp","href":"https:\/\/api.w.org\/{rel}","templated":true}]}}