{"id":196,"date":"2015-11-23T11:52:35","date_gmt":"2015-11-23T10:52:35","guid":{"rendered":"http:\/\/www.rezeptrechner-online.de\/blog\/?page_id=196"},"modified":"2021-04-10T17:00:28","modified_gmt":"2021-04-10T15:00:28","slug":"hilfreiche-rechner","status":"publish","type":"page","link":"https:\/\/rezeptrechner-online.de\/blog\/hilfreiche-rechner\/","title":{"rendered":"Hilfreiche Rechner"},"content":{"rendered":"<p>Hier findet ihr kleine Rechne f\u00fcr eure individuellen Berechnungen:<\/p>\n<p><strong><a href=\"http:\/\/www.rezeptrechner-online.de\" target=\"blank\" rel=\"noopener\">Rezeptrechner<\/a>: Berechne die N\u00e4hrwerte, Kalorien und BE deiner Rezepte<\/strong><\/p>\n<ul>\n<li>Berechne mit Hilfe dieses Rechners deine N\u00e4hrwerte (Kohlenhydrate, Fett, Eiwei\u00df, Alkohol, Kalorien (kcal und KJ) f\u00fcr deine Rezepte<\/li>\n<li>N\u00e4hrwertrechner ohne\u00a0l\u00e4stiges Suchen in Kalorientabellen<\/li>\n<li>kein l\u00e4stiges Umrechnen<\/li>\n<li>Umrechnung von kcal in KJ<\/li>\n<li>Berechnung von BE<\/li>\n<\/ul>\n<p><strong><a href=\"http:\/\/www.rezeptrechner-online.de\/kohlenhydrate-rechner.html\">Kohlenhydrat Rechner: <\/a>Berechne die Kohlenhydrat Zusammensetzung deiner Lebensmittel<\/strong><\/p>\n<ul>\n<li>Einteilung Kohlenhydrate<\/li>\n<li>Glyk\u00e4mischer Index<\/li>\n<li>BE<\/li>\n<\/ul>\n<p><strong><a href=\"http:\/\/www.rezeptrechner-online.de\/abnehmrechner-grundprinzip.html\">Abnehmrechner &#8211; Das Grundprinzip<\/a>: Schell Gewicht verlieren- was ist realistisch?<\/strong><\/p>\n<ul>\n<li>Grundprinzip des Abnehmens mit Faustformel schnell und einfach erl\u00e4utert<\/li>\n<\/ul>\n<p><strong><a href=\"http:\/\/www.rezeptrechner-online.de\/energieverbrauch.html\" target=\"blank\" rel=\"noopener\">Energieverbrauch Rechner<\/a><\/strong><\/p>\n<ul>\n<li>Berechne deinen t\u00e4glichen Energievebrauch (Kalorienverbrauch)<\/li>\n<li>Berechne deinen Grundumsatz und Leistungsumsatz sowie Zusatzumsatz durch Sport<\/li>\n<\/ul>\n<p><b>dynamische<a href=\"http:\/\/www.rezeptrechner-online.de\/bmi-tabelle.html\"> BMI-Tabelle<\/a><\/b><\/p>\n<ul>\n<li>Berechne deinen BMI<\/li>\n<\/ul>\n<p><strong><a href=\"http:\/\/www.rezeptrechner-online.de\/nuss-rechner.html\" target=\"blank\" rel=\"noopener\">Nuss-Rechner<\/a><\/strong><\/p>\n<ul>\n<li>Berechne wieviel du bei Online-Bestellungen von N\u00fcsse sparen kannst im Vergleich zum herk\u00f6mmlichen Einkauf im Supermarkt<\/li>\n<\/ul>\n","protected":false},"excerpt":{"rendered":"<p>Hier findet ihr kleine Rechne f\u00fcr eure individuellen Berechnungen: Rezeptrechner: Berechne die N\u00e4hrwerte, Kalorien und BE deiner Rezepte Berechne mit Hilfe dieses Rechners deine N\u00e4hrwerte (Kohlenhydrate, Fett, Eiwei\u00df, Alkohol, Kalorien (kcal und KJ) f\u00fcr deine Rezepte N\u00e4hrwertrechner ohne\u00a0l\u00e4stiges Suchen in Kalorientabellen kein l\u00e4stiges Umrechnen Umrechnung von kcal in KJ Berechnung von BE Kohlenhydrat Rechner: Berechne [&hellip;]<\/p>\n","protected":false},"author":1,"featured_media":0,"parent":0,"menu_order":0,"comment_status":"closed","ping_status":"closed","template":"","meta":{"_et_pb_use_builder":"","_et_pb_old_content":"","_et_gb_content_width":"","footnotes":""},"class_list":["post-196","page","type-page","status-publish","hentry"],"yoast_head":"<!-- This site is optimized with the Yoast SEO Premium plugin v27.0 (Yoast SEO v27.0) - https:\/\/yoast.com\/product\/yoast-seo-premium-wordpress\/ -->\n<title>Hilfreiche Rechner &#060; Rezeptrechner<\/title>\n<meta name=\"robots\" content=\"index, follow, max-snippet:-1, max-image-preview:large, max-video-preview:-1\" \/>\n<link rel=\"canonical\" href=\"https:\/\/rezeptrechner-online.de\/blog\/hilfreiche-rechner\/\" \/>\n<meta property=\"og:locale\" content=\"de_DE\" \/>\n<meta property=\"og:type\" content=\"article\" \/>\n<meta property=\"og:title\" content=\"Hilfreiche Rechner\" \/>\n<meta property=\"og:description\" content=\"Hier findet ihr kleine Rechne f\u00fcr eure individuellen Berechnungen: Rezeptrechner: Berechne die N\u00e4hrwerte, Kalorien und BE deiner Rezepte Berechne mit Hilfe dieses Rechners deine N\u00e4hrwerte (Kohlenhydrate, Fett, Eiwei\u00df, Alkohol, Kalorien (kcal und KJ) f\u00fcr deine Rezepte N\u00e4hrwertrechner ohne\u00a0l\u00e4stiges Suchen in Kalorientabellen kein l\u00e4stiges Umrechnen Umrechnung von kcal in KJ Berechnung von BE Kohlenhydrat Rechner: Berechne [&hellip;]\" \/>\n<meta property=\"og:url\" content=\"https:\/\/rezeptrechner-online.de\/blog\/hilfreiche-rechner\/\" \/>\n<meta property=\"og:site_name\" content=\"Rezeptrechner\" \/>\n<meta property=\"article:modified_time\" content=\"2021-04-10T15:00:28+00:00\" \/>\n<meta name=\"twitter:card\" content=\"summary_large_image\" \/>\n<meta name=\"twitter:label1\" content=\"Gesch\u00e4tzte Lesezeit\" \/>\n\t<meta name=\"twitter:data1\" content=\"1\u00a0Minute\" \/>\n<script type=\"application\/ld+json\" class=\"yoast-schema-graph\">{\"@context\":\"https:\/\/schema.org\",\"@graph\":[{\"@type\":\"WebPage\",\"@id\":\"https:\/\/rezeptrechner-online.de\/blog\/hilfreiche-rechner\/\",\"url\":\"https:\/\/rezeptrechner-online.de\/blog\/hilfreiche-rechner\/\",\"name\":\"Hilfreiche Rechner &#060; Rezeptrechner\",\"isPartOf\":{\"@id\":\"https:\/\/rezeptrechner-online.de\/blog\/#website\"},\"datePublished\":\"2015-11-23T10:52:35+00:00\",\"dateModified\":\"2021-04-10T15:00:28+00:00\",\"breadcrumb\":{\"@id\":\"https:\/\/rezeptrechner-online.de\/blog\/hilfreiche-rechner\/#breadcrumb\"},\"inLanguage\":\"de\",\"potentialAction\":[{\"@type\":\"ReadAction\",\"target\":[\"https:\/\/rezeptrechner-online.de\/blog\/hilfreiche-rechner\/\"]}]},{\"@type\":\"BreadcrumbList\",\"@id\":\"https:\/\/rezeptrechner-online.de\/blog\/hilfreiche-rechner\/#breadcrumb\",\"itemListElement\":[{\"@type\":\"ListItem\",\"position\":1,\"name\":\"Startseite\",\"item\":\"https:\/\/rezeptrechner-online.de\/blog\/\"},{\"@type\":\"ListItem\",\"position\":2,\"name\":\"Hilfreiche Rechner\"}]},{\"@type\":\"WebSite\",\"@id\":\"https:\/\/rezeptrechner-online.de\/blog\/#website\",\"url\":\"https:\/\/rezeptrechner-online.de\/blog\/\",\"name\":\"Rezeptrechner\",\"description\":\"Blog\",\"potentialAction\":[{\"@type\":\"SearchAction\",\"target\":{\"@type\":\"EntryPoint\",\"urlTemplate\":\"https:\/\/rezeptrechner-online.de\/blog\/?s={search_term_string}\"},\"query-input\":{\"@type\":\"PropertyValueSpecification\",\"valueRequired\":true,\"valueName\":\"search_term_string\"}}],\"inLanguage\":\"de\"}]}<\/script>\n<!-- \/ Yoast SEO Premium plugin. -->","yoast_head_json":{"title":"Hilfreiche Rechner &#060; Rezeptrechner","robots":{"index":"index","follow":"follow","max-snippet":"max-snippet:-1","max-image-preview":"max-image-preview:large","max-video-preview":"max-video-preview:-1"},"canonical":"https:\/\/rezeptrechner-online.de\/blog\/hilfreiche-rechner\/","og_locale":"de_DE","og_type":"article","og_title":"Hilfreiche Rechner","og_description":"Hier findet ihr kleine Rechne f\u00fcr eure individuellen Berechnungen: Rezeptrechner: Berechne die N\u00e4hrwerte, Kalorien und BE deiner Rezepte Berechne mit Hilfe dieses Rechners deine N\u00e4hrwerte (Kohlenhydrate, Fett, Eiwei\u00df, Alkohol, Kalorien (kcal und KJ) f\u00fcr deine Rezepte N\u00e4hrwertrechner ohne\u00a0l\u00e4stiges Suchen in Kalorientabellen kein l\u00e4stiges Umrechnen Umrechnung von kcal in KJ Berechnung von BE Kohlenhydrat Rechner: Berechne [&hellip;]","og_url":"https:\/\/rezeptrechner-online.de\/blog\/hilfreiche-rechner\/","og_site_name":"Rezeptrechner","article_modified_time":"2021-04-10T15:00:28+00:00","twitter_card":"summary_large_image","twitter_misc":{"Gesch\u00e4tzte Lesezeit":"1\u00a0Minute"},"schema":{"@context":"https:\/\/schema.org","@graph":[{"@type":"WebPage","@id":"https:\/\/rezeptrechner-online.de\/blog\/hilfreiche-rechner\/","url":"https:\/\/rezeptrechner-online.de\/blog\/hilfreiche-rechner\/","name":"Hilfreiche Rechner &#060; Rezeptrechner","isPartOf":{"@id":"https:\/\/rezeptrechner-online.de\/blog\/#website"},"datePublished":"2015-11-23T10:52:35+00:00","dateModified":"2021-04-10T15:00:28+00:00","breadcrumb":{"@id":"https:\/\/rezeptrechner-online.de\/blog\/hilfreiche-rechner\/#breadcrumb"},"inLanguage":"de","potentialAction":[{"@type":"ReadAction","target":["https:\/\/rezeptrechner-online.de\/blog\/hilfreiche-rechner\/"]}]},{"@type":"BreadcrumbList","@id":"https:\/\/rezeptrechner-online.de\/blog\/hilfreiche-rechner\/#breadcrumb","itemListElement":[{"@type":"ListItem","position":1,"name":"Startseite","item":"https:\/\/rezeptrechner-online.de\/blog\/"},{"@type":"ListItem","position":2,"name":"Hilfreiche Rechner"}]},{"@type":"WebSite","@id":"https:\/\/rezeptrechner-online.de\/blog\/#website","url":"https:\/\/rezeptrechner-online.de\/blog\/","name":"Rezeptrechner","description":"Blog","potentialAction":[{"@type":"SearchAction","target":{"@type":"EntryPoint","urlTemplate":"https:\/\/rezeptrechner-online.de\/blog\/?s={search_term_string}"},"query-input":{"@type":"PropertyValueSpecification","valueRequired":true,"valueName":"search_term_string"}}],"inLanguage":"de"}]}},"_links":{"self":[{"href":"https:\/\/rezeptrechner-online.de\/blog\/wp-json\/wp\/v2\/pages\/196","targetHints":{"allow":["GET"]}}],"collection":[{"href":"https:\/\/rezeptrechner-online.de\/blog\/wp-json\/wp\/v2\/pages"}],"about":[{"href":"https:\/\/rezeptrechner-online.de\/blog\/wp-json\/wp\/v2\/types\/page"}],"author":[{"embeddable":true,"href":"https:\/\/rezeptrechner-online.de\/blog\/wp-json\/wp\/v2\/users\/1"}],"replies":[{"embeddable":true,"href":"https:\/\/rezeptrechner-online.de\/blog\/wp-json\/wp\/v2\/comments?post=196"}],"version-history":[{"count":9,"href":"https:\/\/rezeptrechner-online.de\/blog\/wp-json\/wp\/v2\/pages\/196\/revisions"}],"predecessor-version":[{"id":8404,"href":"https:\/\/rezeptrechner-online.de\/blog\/wp-json\/wp\/v2\/pages\/196\/revisions\/8404"}],"wp:attachment":[{"href":"https:\/\/rezeptrechner-online.de\/blog\/wp-json\/wp\/v2\/media?parent=196"}],"curies":[{"name":"wp","href":"https:\/\/api.w.org\/{rel}","templated":true}]}}