{"id":4227,"date":"2020-05-08T22:16:05","date_gmt":"2020-05-08T20:16:05","guid":{"rendered":"https:\/\/www.rezeptrechner-online.de\/blog\/?page_id=4227"},"modified":"2021-04-10T21:29:45","modified_gmt":"2021-04-10T19:29:45","slug":"abnehmrechner-dauer-kaloriendefizit","status":"publish","type":"page","link":"https:\/\/rezeptrechner-online.de\/blog\/abnehmrechner-dauer-kaloriendefizit\/","title":{"rendered":"Abnehmrechner Dauer &#038; Kaloriendefizit"},"content":{"rendered":"<p>[et_pb_section fb_built=&#8220;1&#8243; _builder_version=&#8220;3.22&#8243;][et_pb_row _builder_version=&#8220;3.25&#8243; background_size=&#8220;initial&#8220; background_position=&#8220;top_left&#8220; background_repeat=&#8220;repeat&#8220;][et_pb_column type=&#8220;4_4&#8243; _builder_version=&#8220;3.25&#8243; custom_padding=&#8220;|||&#8220; custom_padding__hover=&#8220;|||&#8220;][et_pb_text _builder_version=&#8220;4.4.6&#8243; background_size=&#8220;initial&#8220; background_position=&#8220;top_left&#8220; background_repeat=&#8220;repeat&#8220;]<\/p>\n<h1>Abnehmrechner<\/h1>\n<p>Mit dem Abnehmrechner lernst du deine Abnehmdauer zu ermitteln indem du deine Kalorienaufnahme, Kalorienverbrauch und <a href=\"https:\/\/www.rezeptrechner-online.de\/blog\/kaloriendefizit-berechnen\/\">Kaloriendefizit berechnen<\/a> kannst. Es gibt ein Grundprinzip des Abnehmens, welches immer gilt und das kann man nutzen zum Abnehmen Berechnen. Dieses Grundprinzip hei\u00dft negative Energiebilanz bzw. Kalorienbilanz. Nur wer t\u00e4glich weniger Kalorien zu sich nimmt als er verbraucht, wird langfristig auch abnehmen. Mit dem Rezeptrechner gebe ich dir unter anderem auch einen Abnehmrechner an die Hand. Damit lernst du wie du deine <a href=\"https:\/\/www.rezeptrechner-online.de\/abnehm-rechner.html\" target=\"_blank\" rel=\"noopener noreferrer\">Abnehmdauer berechnen<\/a> kannst indem du deine t\u00e4gliche Kalorienaufnahme und deinen Kalorienverbrauch ermittelst. Damit ist es jedoch nicht getan. Sobald du wei\u00dft, wie hoch dein t\u00e4gliches Kaloriendefizit bzw. dein Kalorien\u00fcberschuss ist, kannst du anfangen auszurechnen, wie lange es dauert um abzunehmen. Mir meinem Gratis E-Book erkl\u00e4re ich dir Schritt f\u00fcr Schritt, wie du dein t\u00e4glich notwendiges Kaloriendefizit berechnest und darauf deine Abnehmdauer berechnen kannst.<\/p>\n<p>[\/et_pb_text][\/et_pb_column][\/et_pb_row][et_pb_row column_structure=&#8220;1_2,1_2&#8243; _builder_version=&#8220;4.4.2&#8243; global_module=&#8220;3313&#8243; saved_tabs=&#8220;all&#8220;][et_pb_column type=&#8220;1_2&#8243; _builder_version=&#8220;4.4.2&#8243;][et_pb_image src=&#8220;https:\/\/www.rezeptrechner-online.de\/blog\/wp-content\/uploads\/2015\/12\/Bildschirmfoto-2020-04-28-um-11.39.35.png&#8220; _builder_version=&#8220;4.9.2&#8243;][\/et_pb_image][et_pb_text _builder_version=&#8220;4.4.2&#8243;]<\/p>\n<p>Energiegehalt je Gramm N\u00e4hrstoffe<\/p>\n<p>[\/et_pb_text][\/et_pb_column][et_pb_column type=&#8220;1_2&#8243; _builder_version=&#8220;4.4.2&#8243;][et_pb_text _builder_version=&#8220;4.4.2&#8243;]<\/p>\n<h2>7000 Kcal f\u00fcr 1kg K\u00f6rperfett<\/h2>\n<p>Wer Abnehmen m\u00f6chte, der muss t\u00e4glich weniger Kalorien zu sich nehmen als er verbraucht. Das Prinzip der negativen Energiebilanz ist ein Grundprinzip des Abnehmens und auch Somatropin kann dieses Prinzip nicht aushebeln.<\/p>\n<p>In meinem Gratis E-Book erkl\u00e4re ich dir, wie hoch dein t\u00e4gliches Kaloriendefizit ausfallen sollte um abzunehmen und wie du langfristig sicherstellst, dass deine Energiebilanz negativ bleibt.\u00a0<\/p>\n<p>[\/et_pb_text][et_pb_button button_url=&#8220;https:\/\/www.rezeptrechner-online.de\/blog\/wp-content\/uploads\/2020\/04\/Gratis-Ebook-Kaloriendefizit-Chooseyourlevel.pdf&#8220; url_new_window=&#8220;on&#8220; button_text=&#8220;GRATIS E-Book Herunterladen&#8220; _builder_version=&#8220;4.4.2&#8243;][\/et_pb_button][\/et_pb_column][\/et_pb_row][et_pb_row _builder_version=&#8220;4.4.2&#8243;][et_pb_column type=&#8220;4_4&#8243; _builder_version=&#8220;4.4.2&#8243;][et_pb_text _builder_version=&#8220;4.4.2&#8243;]<\/p>\n<h2>Kalorienbedarf zum Abnehmen Berechnen<\/h2>\n<p>Im ersten Schritt musst du zun\u00e4chst einmal verstehen, wie du deinen Kalorienverbrauch Berechnen kannst. Den Kalorienverbrauch (auch Energieverbrauch) unterteilt man in den <a href=\"https:\/\/www.rezeptrechner-online.de\/blog\/kalorien-berechnen-grundumsatz\/\" target=\"_blank\" rel=\"noopener noreferrer\">Grundumsatz<\/a> und den Leistungsumsatz. W\u00e4hrend es sich beim Grundumsatz nur um die Kalorien handelt, sie zum Denken, Atmen, Herzschlag etc. notwendig sind, geht es beim Leistungsumsatz um die t\u00e4glich notwendigen Kalorien f\u00fcr die Arbeit und Sport. Den Kalorienverbrauch f\u00fcr die Arbeit berechnet man dabei oftmals mit einem sogenannten Aktivit\u00e4tsfaktor. F\u00fcr den Kalorienverbrauch Sport gibt es wiederum nochmals eine eigene Formel. Wie genau du den <a href=\"https:\/\/www.rezeptrechner-online.de\/blog\/kalorienverbrauch-berechnen-formel-grundumsatz-und-sport\/\" target=\"_blank\" rel=\"noopener noreferrer\">Kalorienverbrauch f\u00fcr Grundumsatz und Sport<\/a> berechnest, habe ich in dem entsprechenden Artikel nochmal genauer erkl\u00e4rt.<br \/>\n[\/et_pb_text][\/et_pb_column][\/et_pb_row][et_pb_row _builder_version=&#8220;4.4.2&#8243;][et_pb_column type=&#8220;4_4&#8243; _builder_version=&#8220;4.4.2&#8243;][et_pb_text _builder_version=&#8220;4.4.2&#8243;]<\/p>\n<h2>Kalorienaufnahme zum Abnehmen Berechnen<\/h2>\n<p>Im n\u00e4chsten Schritt musst du die Kalorien, die du tagt\u00e4glich \u00fcber die Nahrung zu dir nimmst, ermitteln. Hierf\u00fcr eignet sich der Rezeptrechner, mit dem du die Kcal f\u00fcr Rezepte und Mahlzeiten berechnen kannst. Mit diesem <a href=\"https:\/\/www.rezeptrechner-online.de\/blog\/kalorienrechner-mahlzeit-gerichte\/\" target=\"_blank\" rel=\"noopener noreferrer\">Kalorienrechner f\u00fcr deine Mahlzeiten und Gerichte<\/a> kannst du also nicht nur die Abnehmdauer berechnen sondern du kannst auch herausfinden wie viel Kcal du pro 100g, pro Portion und pro Rezept zu dir nimmst. <a href=\"https:\/\/www.rezeptrechner-online.de\/blog\/kalorien-zaehlen-um-gewicht-zu-verlieren\/\" target=\"_blank\" rel=\"noopener noreferrer\">Kalorien z\u00e4hlen<\/a> ist also super wichtig um Gewicht zu verlieren. Abseiten der Kalorien ist auch die N\u00e4hrwerte Zusammensetzung der Lebensmittel jedoch nicht ganz unwichtig. Die N\u00e4hrwerte haben unterschiedliche Funktionen im K\u00f6rper und die N\u00e4hrwerte liefern auch unterschiedlich viel Energie bzw. Kalorien. So liefert zum Beispiel 1g Kohlenhydrate bzw. 1g Eiwei\u00df ca. 4kcal\/g. 1 Gramm Fett hingegen liefert mehr als das Doppelte, n\u00e4mlich ca. 9kcal\/ Gramm. Aufgrund der unterschiedlichen Energiedichte der N\u00e4hrwerte ist abgesehen von der Kalorienberechnung auch das N\u00e4hrwerte Berechnen wichtig. Deswegen ist der Rezeptrechner nicht nur ein Kalorienrechner sondern auch ein <a href=\"https:\/\/www.rezeptrechner-online.de\/blog\/naehrwertrechner\/\" target=\"_blank\" rel=\"noopener noreferrer\">N\u00e4hrwertrechner<\/a> f\u00fcr deine Rezepte.<br \/>\n[\/et_pb_text][\/et_pb_column][\/et_pb_row][et_pb_row column_structure=&#8220;1_2,1_2&#8243; _builder_version=&#8220;4.4.2&#8243; z_index_tablet=&#8220;500&#8243; global_module=&#8220;3337&#8243; saved_tabs=&#8220;all&#8220;][et_pb_column type=&#8220;1_2&#8243; _builder_version=&#8220;3.25&#8243; custom_padding=&#8220;|||&#8220; custom_padding__hover=&#8220;|||&#8220;][et_pb_text _builder_version=&#8220;4.9.2&#8243;]<\/p>\n<h2>N\u00e4hrwerte Berechnen f\u00fcr Rezepte<\/h2>\n<p>Nutze den Rezeptrechner Online um die N\u00e4hrwerte f\u00fcr deine Mahlzeiten und Rezepte zu berechnen je 100g, je Portion und je Rezept. Mit der GRATIS Version kannst du die Makron\u00e4hrstoffe (Kohlenhydrate, Eiwei\u00df und Fett) ermitteln. Mit dem <a href=\"https:\/\/www.rezeptrechner.de\/rezeptrechner-pro\" target=\"_blank\" rel=\"noopener noreferrer\">Rezeptrechner PRO<\/a> Zugang kannst du auch die N\u00e4hrwertberechnung der Big 7 bzw. Big 8 N\u00e4hrwerte vornehmen. Probier diesen einfachen N\u00e4hrwertrechner f\u00fcr Rezepte doch direkt mal ohne Anmeldung aus.<\/p>\n<p>[\/et_pb_text][et_pb_button button_url=&#8220;https:\/\/www.rezeptrechner-online.de&#8220; url_new_window=&#8220;on&#8220; button_text=&#8220;N\u00e4hrwerte Berechnen mit dem Rezeptrechner&#8220; button_alignment=&#8220;center&#8220; _builder_version=&#8220;4.6.1&#8243; _module_preset=&#8220;default&#8220; custom_button=&#8220;on&#8220; button_text_size=&#8220;27px&#8220; button_text_color=&#8220;#000000&#8243; button_bg_color=&#8220;#edf000&#8243;][\/et_pb_button][\/et_pb_column][et_pb_column type=&#8220;1_2&#8243; _builder_version=&#8220;3.25&#8243; custom_padding=&#8220;|||&#8220; custom_padding__hover=&#8220;|||&#8220;][et_pb_image src=&#8220;https:\/\/www.rezeptrechner-online.de\/blog\/wp-content\/uploads\/2020\/04\/Bildschirmfoto-2020-04-13-um-12.18.07.png&#8220; _builder_version=&#8220;4.9.2&#8243;][\/et_pb_image][\/et_pb_column][\/et_pb_row][et_pb_row column_structure=&#8220;3_5,2_5&#8243; _builder_version=&#8220;4.4.2&#8243;][et_pb_column type=&#8220;3_5&#8243; _builder_version=&#8220;4.4.2&#8243;][et_pb_text _builder_version=&#8220;4.4.2&#8243;]<\/p>\n<h2>Energiebilanz Berechnen<\/h2>\n<p>Die Summe aus Kalorienverbrauch und Kalorienaufnahme bezeichnet man als die Energiebilanz (auch Kalorienbilanz). Wenn die Kalorienaufnahme gr\u00f6\u00dfer ist als der Kalorienverbrauch, dann ist die Energiebilanz positiv. Eine positive Energiebilanz f\u00fchrt meistens dazu, dass wir zunehmen. Um abzunehmen ben\u00f6tigen wir eine <a href=\"https:\/\/www.rezeptrechner-online.de\/blog\/abnehmrechner-energiebilanz-berechnen\/\" target=\"_blank\" rel=\"noopener noreferrer\">negative Energiebilanz<\/a>. Das bedeutet, dass unsere Kalorienaufnahme geringer sein muss als unser Kalorienverbrauch. Um 1kg K\u00f6rperfett abzunehmen, muss man 7000 Kcal einsparen. Mit dem Abnehmrechner kannst du berechnen, <a href=\"https:\/\/www.rezeptrechner-online.de\/blog\/wieviel-kalorien-am-tag-um-abzunehmen\/\" target=\"_blank\" rel=\"noopener noreferrer\">wie viel Kalorien am Tag um abzunehmen<\/a> du ben\u00f6tigst. Daraus kannst du dann auch ableiten, wie lange es dauert abzunehmen.\u00a07000 kcal spart man nat\u00fcrlich nicht an einem einzigen Tag. Vielmehr muss man die Kalorien \u00fcber einen l\u00e4ngeren Zeitraum sparen indem man ein t\u00e4gliches <a href=\"https:\/\/www.rezeptrechner-online.de\/blog\/abnehmrechner-kaloriendefizit-berechnen\/\" target=\"_blank\" rel=\"noopener noreferrer\">Kaloriendefizit<\/a> aufbaut.\u00a0Das bedeutet, dass man zum Beispiel jeden Tag 500 Kcal weniger zu sich nimmt als man verbraucht. Damit w\u00fcrde man dann bereits in 14 Tagen mindestens 1kg abgenommen haben. Auf der Waage wird man vermutlich noch mehr Gewicht verlieren aufgrund des <a href=\"https:\/\/www.rezeptrechner-online.de\/blog\/diaet-wasserverlust\/\" target=\"_blank\" rel=\"noopener noreferrer\">Wasserverlusts durch die Di\u00e4t<\/a>.<br \/>\n[\/et_pb_text][\/et_pb_column][et_pb_column type=&#8220;2_5&#8243; _builder_version=&#8220;4.4.2&#8243;][et_pb_image src=&#8220;https:\/\/www.rezeptrechner-online.de\/blog\/wp-content\/uploads\/2015\/12\/Bildschirmfoto-2020-04-16-um-12.19.47.png&#8220; _builder_version=&#8220;4.4.2&#8243;][\/et_pb_image][\/et_pb_column][\/et_pb_row][et_pb_row _builder_version=&#8220;4.4.2&#8243;][et_pb_column type=&#8220;4_4&#8243; _builder_version=&#8220;4.4.2&#8243;][et_pb_text _builder_version=&#8220;4.4.2&#8243;]<\/p>\n<h2>Glykogenstoffwechsel einfach erkl\u00e4rt<\/h2>\n<p>Wer \u00fcber einen l\u00e4ngeren Zeitraum eine negative Energiebilanz aufbaut wird zun\u00e4chst einmal seine <a href=\"https:\/\/www.rezeptrechner-online.de\/blog\/was-muss-ich-tun-um-meine-glykogenspeicher-zu-leeren\/\" target=\"_blank\" rel=\"noopener noreferrer\">Glykogenspeicher leeren<\/a>. Die Glykogenspeicher sind die tempor\u00e4ren Energiespeicher im menschlichen K\u00f6rper. In den Glykogenspeichern wird Energie zwischengespeichert, die wir kurzfristig nicht ben\u00f6tigen. Wenn die Glykogenspeicher voll sind, beginnt der K\u00f6rper die \u00fcbersch\u00fcssige Energie in Fett umzuwandeln und wir nehmen zu. Um abzunehmen, muss der K\u00f6rper zun\u00e4chst die Glykogenspeicher leeren. Dadurch verliert der K\u00f6rper auch viel Wasser den mit jedem Gramm Glykogen werden auch 2-4g Wasser im menschlichen K\u00f6rper gespeichert. Dies erkl\u00e4rt auch den starken Wasserverlust zu Beginn einer Di\u00e4t. Besonders schnell kannst du die Glykogenspeicher \u00fcbrigens leeren mit Hilfe durch den Verzicht auf Kohlenhydrate.<\/p>\n<h2>Low Carb Di\u00e4t<\/h2>\n<p>Bei dieser Ern\u00e4hrungsform wird die Kohlenhydrataufnahme stark eingeschr\u00e4nkt, meistens auf ca. 50-100g Kohlenhydrate am Tag. Den genauen <a href=\"https:\/\/www.rezeptrechner-online.de\/blog\/low-carb-kalorienbedarf\/\" target=\"_blank\" rel=\"noopener noreferrer\">Low Carb Kalorienbedarf<\/a> kannst du mit dem entsprechenden Abnehmrechner ermitteln. Wie viele Kohlenhydrate am Tag man zu sich nehmen sollte, habe ich aber auch einigen anderen Artikeln thematisiert. Auf meiner zweiten Seite Chooseyourlevel findest du nicht nur jede Menge <a href=\"https:\/\/www.chooseyourlevel.de\/low-carb-rezepte-mit-naehrwerangaben\/\" target=\"_blank\" rel=\"noopener noreferrer\">Low Carb Rezepte mit N\u00e4hrwertangaben<\/a> sondern auch eine <a href=\"https:\/\/www.chooseyourlevel.de\/kostenlose-low-carb-diaet-anleitung\/\" target=\"_blank\" rel=\"noopener noreferrer\">kostenlosen Di\u00e4t Plan<\/a>. Mit dem Rezeptrechner als Abnehmrechner kannst du \u00fcbrigens nicht nur die Kalorien sondern auch die Kohlenhydrate Berechnen.<br \/>\n[\/et_pb_text][\/et_pb_column][\/et_pb_row][\/et_pb_section]<\/p>\n","protected":false},"excerpt":{"rendered":"<p>Mit dem Rezeptrechner gebe ich dir einige praktische Abnehmrechner an die Hand. Du erf\u00e4hrst warum deine Energiebilanz wichtig ist f\u00fcrs Abnehmen, warum du Kalorien Berechnen solltest und wie man Kalorienaufnahme und Kalorienverbrauch berechnet. <\/p>\n","protected":false},"author":1,"featured_media":0,"parent":0,"menu_order":0,"comment_status":"closed","ping_status":"closed","template":"","meta":{"_et_pb_use_builder":"on","_et_pb_old_content":"<p>Mit dem Abnehmrechner lernst du deine Abnehmdauer zu berechnen indem du deine Kalorienaufnahme, Kalorienverbrauch und Kaloriendefizit ermittelst.<\/p><p>\u00a0<\/p>","_et_gb_content_width":"","footnotes":""},"class_list":["post-4227","page","type-page","status-publish","hentry"],"yoast_head":"<!-- This site is optimized with the Yoast SEO Premium plugin v27.0 (Yoast SEO v27.0) - https:\/\/yoast.com\/product\/yoast-seo-premium-wordpress\/ -->\n<title>Abnehmrechner Dauer &amp; Kaloriendefizit &#060; Rezeptrechner<\/title>\n<meta name=\"description\" content=\"Mit dem Abnehmrechner lernst du das Abnehmen berechnen, das hei\u00dft konkret du kannst dein Kaloriendefizit und die Abnehmdauer berechnen\" \/>\n<meta name=\"robots\" content=\"index, follow, max-snippet:-1, max-image-preview:large, max-video-preview:-1\" \/>\n<link rel=\"canonical\" href=\"https:\/\/rezeptrechner-online.de\/blog\/abnehmrechner-dauer-kaloriendefizit\/\" \/>\n<meta property=\"og:locale\" content=\"de_DE\" \/>\n<meta property=\"og:type\" content=\"article\" \/>\n<meta property=\"og:title\" content=\"Abnehmrechner Dauer &amp; Kaloriendefizit\" \/>\n<meta property=\"og:description\" content=\"Mit dem Abnehmrechner lernst du das Abnehmen berechnen, das hei\u00dft konkret du kannst dein Kaloriendefizit und die Abnehmdauer berechnen\" \/>\n<meta property=\"og:url\" content=\"https:\/\/rezeptrechner-online.de\/blog\/abnehmrechner-dauer-kaloriendefizit\/\" \/>\n<meta property=\"og:site_name\" content=\"Rezeptrechner\" \/>\n<meta property=\"article:modified_time\" content=\"2021-04-10T19:29:45+00:00\" \/>\n<meta name=\"twitter:card\" content=\"summary_large_image\" \/>\n<meta name=\"twitter:label1\" content=\"Gesch\u00e4tzte Lesezeit\" \/>\n\t<meta name=\"twitter:data1\" content=\"7\u00a0Minuten\" \/>\n<script type=\"application\/ld+json\" class=\"yoast-schema-graph\">{\"@context\":\"https:\/\/schema.org\",\"@graph\":[{\"@type\":\"WebPage\",\"@id\":\"https:\/\/rezeptrechner-online.de\/blog\/abnehmrechner-dauer-kaloriendefizit\/\",\"url\":\"https:\/\/rezeptrechner-online.de\/blog\/abnehmrechner-dauer-kaloriendefizit\/\",\"name\":\"Abnehmrechner Dauer & Kaloriendefizit &#060; Rezeptrechner\",\"isPartOf\":{\"@id\":\"https:\/\/rezeptrechner-online.de\/blog\/#website\"},\"datePublished\":\"2020-05-08T20:16:05+00:00\",\"dateModified\":\"2021-04-10T19:29:45+00:00\",\"description\":\"Mit dem Abnehmrechner lernst du das Abnehmen berechnen, das hei\u00dft konkret du kannst dein Kaloriendefizit und die Abnehmdauer berechnen\",\"breadcrumb\":{\"@id\":\"https:\/\/rezeptrechner-online.de\/blog\/abnehmrechner-dauer-kaloriendefizit\/#breadcrumb\"},\"inLanguage\":\"de\",\"potentialAction\":[{\"@type\":\"ReadAction\",\"target\":[\"https:\/\/rezeptrechner-online.de\/blog\/abnehmrechner-dauer-kaloriendefizit\/\"]}]},{\"@type\":\"BreadcrumbList\",\"@id\":\"https:\/\/rezeptrechner-online.de\/blog\/abnehmrechner-dauer-kaloriendefizit\/#breadcrumb\",\"itemListElement\":[{\"@type\":\"ListItem\",\"position\":1,\"name\":\"Startseite\",\"item\":\"https:\/\/rezeptrechner-online.de\/blog\/\"},{\"@type\":\"ListItem\",\"position\":2,\"name\":\"Abnehmrechner Dauer &#038; Kaloriendefizit\"}]},{\"@type\":\"WebSite\",\"@id\":\"https:\/\/rezeptrechner-online.de\/blog\/#website\",\"url\":\"https:\/\/rezeptrechner-online.de\/blog\/\",\"name\":\"Rezeptrechner\",\"description\":\"Blog\",\"potentialAction\":[{\"@type\":\"SearchAction\",\"target\":{\"@type\":\"EntryPoint\",\"urlTemplate\":\"https:\/\/rezeptrechner-online.de\/blog\/?s={search_term_string}\"},\"query-input\":{\"@type\":\"PropertyValueSpecification\",\"valueRequired\":true,\"valueName\":\"search_term_string\"}}],\"inLanguage\":\"de\"}]}<\/script>\n<!-- \/ Yoast SEO Premium plugin. -->","yoast_head_json":{"title":"Abnehmrechner Dauer & Kaloriendefizit &#060; Rezeptrechner","description":"Mit dem Abnehmrechner lernst du das Abnehmen berechnen, das hei\u00dft konkret du kannst dein Kaloriendefizit und die Abnehmdauer berechnen","robots":{"index":"index","follow":"follow","max-snippet":"max-snippet:-1","max-image-preview":"max-image-preview:large","max-video-preview":"max-video-preview:-1"},"canonical":"https:\/\/rezeptrechner-online.de\/blog\/abnehmrechner-dauer-kaloriendefizit\/","og_locale":"de_DE","og_type":"article","og_title":"Abnehmrechner Dauer & Kaloriendefizit","og_description":"Mit dem Abnehmrechner lernst du das Abnehmen berechnen, das hei\u00dft konkret du kannst dein Kaloriendefizit und die Abnehmdauer berechnen","og_url":"https:\/\/rezeptrechner-online.de\/blog\/abnehmrechner-dauer-kaloriendefizit\/","og_site_name":"Rezeptrechner","article_modified_time":"2021-04-10T19:29:45+00:00","twitter_card":"summary_large_image","twitter_misc":{"Gesch\u00e4tzte Lesezeit":"7\u00a0Minuten"},"schema":{"@context":"https:\/\/schema.org","@graph":[{"@type":"WebPage","@id":"https:\/\/rezeptrechner-online.de\/blog\/abnehmrechner-dauer-kaloriendefizit\/","url":"https:\/\/rezeptrechner-online.de\/blog\/abnehmrechner-dauer-kaloriendefizit\/","name":"Abnehmrechner Dauer & Kaloriendefizit &#060; Rezeptrechner","isPartOf":{"@id":"https:\/\/rezeptrechner-online.de\/blog\/#website"},"datePublished":"2020-05-08T20:16:05+00:00","dateModified":"2021-04-10T19:29:45+00:00","description":"Mit dem Abnehmrechner lernst du das Abnehmen berechnen, das hei\u00dft konkret du kannst dein Kaloriendefizit und die Abnehmdauer berechnen","breadcrumb":{"@id":"https:\/\/rezeptrechner-online.de\/blog\/abnehmrechner-dauer-kaloriendefizit\/#breadcrumb"},"inLanguage":"de","potentialAction":[{"@type":"ReadAction","target":["https:\/\/rezeptrechner-online.de\/blog\/abnehmrechner-dauer-kaloriendefizit\/"]}]},{"@type":"BreadcrumbList","@id":"https:\/\/rezeptrechner-online.de\/blog\/abnehmrechner-dauer-kaloriendefizit\/#breadcrumb","itemListElement":[{"@type":"ListItem","position":1,"name":"Startseite","item":"https:\/\/rezeptrechner-online.de\/blog\/"},{"@type":"ListItem","position":2,"name":"Abnehmrechner Dauer &#038; Kaloriendefizit"}]},{"@type":"WebSite","@id":"https:\/\/rezeptrechner-online.de\/blog\/#website","url":"https:\/\/rezeptrechner-online.de\/blog\/","name":"Rezeptrechner","description":"Blog","potentialAction":[{"@type":"SearchAction","target":{"@type":"EntryPoint","urlTemplate":"https:\/\/rezeptrechner-online.de\/blog\/?s={search_term_string}"},"query-input":{"@type":"PropertyValueSpecification","valueRequired":true,"valueName":"search_term_string"}}],"inLanguage":"de"}]}},"_links":{"self":[{"href":"https:\/\/rezeptrechner-online.de\/blog\/wp-json\/wp\/v2\/pages\/4227","targetHints":{"allow":["GET"]}}],"collection":[{"href":"https:\/\/rezeptrechner-online.de\/blog\/wp-json\/wp\/v2\/pages"}],"about":[{"href":"https:\/\/rezeptrechner-online.de\/blog\/wp-json\/wp\/v2\/types\/page"}],"author":[{"embeddable":true,"href":"https:\/\/rezeptrechner-online.de\/blog\/wp-json\/wp\/v2\/users\/1"}],"replies":[{"embeddable":true,"href":"https:\/\/rezeptrechner-online.de\/blog\/wp-json\/wp\/v2\/comments?post=4227"}],"version-history":[{"count":38,"href":"https:\/\/rezeptrechner-online.de\/blog\/wp-json\/wp\/v2\/pages\/4227\/revisions"}],"predecessor-version":[{"id":8464,"href":"https:\/\/rezeptrechner-online.de\/blog\/wp-json\/wp\/v2\/pages\/4227\/revisions\/8464"}],"wp:attachment":[{"href":"https:\/\/rezeptrechner-online.de\/blog\/wp-json\/wp\/v2\/media?parent=4227"}],"curies":[{"name":"wp","href":"https:\/\/api.w.org\/{rel}","templated":true}]}}