{"id":4407,"date":"2020-05-09T17:50:58","date_gmt":"2020-05-09T15:50:58","guid":{"rendered":"https:\/\/www.rezeptrechner-online.de\/blog\/?page_id=4407"},"modified":"2020-05-09T17:56:54","modified_gmt":"2020-05-09T15:56:54","slug":"rezepte-mit-naehrwertangaben","status":"publish","type":"page","link":"https:\/\/rezeptrechner-online.de\/blog\/rezepte-mit-naehrwertangaben\/","title":{"rendered":"Rezepte mit N\u00e4hrwertangaben"},"content":{"rendered":"<p>[et_pb_section fb_built=&#8220;1&#8243; _builder_version=&#8220;3.22&#8243;][et_pb_row _builder_version=&#8220;3.25&#8243; background_size=&#8220;initial&#8220; background_position=&#8220;top_left&#8220; background_repeat=&#8220;repeat&#8220;][et_pb_column type=&#8220;4_4&#8243; _builder_version=&#8220;3.25&#8243; custom_padding=&#8220;|||&#8220; custom_padding__hover=&#8220;|||&#8220;][et_pb_text _builder_version=&#8220;4.4.6&#8243; background_size=&#8220;initial&#8220; background_position=&#8220;top_left&#8220; background_repeat=&#8220;repeat&#8220;]<\/p>\n<p>Hier findest du eine kleine Auswahl f\u00fcr Rezepte mit N\u00e4hrwertangaben. F\u00fcr alle Rezepte kannst du die N\u00e4hrwerte Berechnen und anpassen mit dem Rezeptrechner.<\/p>\n<h2>N\u00e4hrwertrechner f\u00fcr Rezepte<\/h2>\n<p>Der Rezeptrechner Online ist ein <a href=\"https:\/\/www.rezeptrechner-online.de\/blog\/naehrwertrechner\/\" target=\"_blank\" rel=\"noopener noreferrer\">N\u00e4hrwertrechner f\u00fcr eigene Rezepte<\/a>. Damit kannst du nicht nur die Kcal Angaben sondern auch alle Makron\u00e4hrstoffe berechnen. Dazu geh\u00f6ren die Kohlenhydrate, Eiwei\u00df und Fett. Aus diesen N\u00e4hrstoffen kann der K\u00f6rper Energie gewinnen. Die Energie wird in der Regel gemessen in Kalorien bzw. Kcal. Neben den Makron\u00e4hrstoffen kann man mit dem Rezeptrechner also auch den Energiegehalt in Kilokalorien bzw. Kj. berechnen. Abgesehen von den Makron\u00e4hrstoffen und der Kalorienberechnung ist auch das Berechnen f\u00fcr Ballaststoffe, Broteinheiten und die Big 7 N\u00e4hrwerte (Zucker, ges\u00e4ttigte Fetts\u00e4uren und Salz) m\u00f6glich.<\/p>\n<p>[\/et_pb_text][\/et_pb_column][\/et_pb_row][et_pb_row column_structure=&#8220;1_2,1_2&#8243; _builder_version=&#8220;4.4.2&#8243; z_index_tablet=&#8220;500&#8243; global_module=&#8220;3337&#8243;][et_pb_column type=&#8220;1_2&#8243; _builder_version=&#8220;3.25&#8243; custom_padding=&#8220;|||&#8220; custom_padding__hover=&#8220;|||&#8220;][et_pb_text _builder_version=&#8220;4.4.2&#8243;]<\/p>\n<h2>N\u00e4hrwerte Berechnen f\u00fcr Rezepte<\/h2>\n<p>Nutze den Rezeptrechner Online um die N\u00e4hrwerte f\u00fcr deine Mahlzeiten und Rezepte zu berechnen je 100g, je Portion und je Rezept. Mit der GRATIS Version kannst du die Makron\u00e4hrstoffe (Kohlenhydrate, Eiwei\u00df und Fett) ermitteln. Mit dem Rezeptrechner PRO Zugang kannst du auch die N\u00e4hrwertberechnung der Big 7 bzw. Big 8 N\u00e4hrwerte vornehmen. Probier diesen einfachen N\u00e4hrwertrechner f\u00fcr Rezepte doch direkt mal ohne Anmeldung aus.<\/p>\n<p>[\/et_pb_text][et_pb_button button_url=&#8220;https:\/\/www.rezeptrechner-online.de\/&#8220; url_new_window=&#8220;on&#8220; button_text=&#8220;Rezeptrechner \u00d6ffnen&#8220; _builder_version=&#8220;4.4.2&#8243;][\/et_pb_button][\/et_pb_column][et_pb_column type=&#8220;1_2&#8243; _builder_version=&#8220;3.25&#8243; custom_padding=&#8220;|||&#8220; custom_padding__hover=&#8220;|||&#8220;][et_pb_image src=&#8220;https:\/\/www.rezeptrechner-online.de\/blog\/wp-content\/uploads\/2020\/04\/Bildschirmfoto-2020-04-13-um-12.18.07.png&#8220; _builder_version=&#8220;4.4.2&#8243;][\/et_pb_image][\/et_pb_column][\/et_pb_row][et_pb_row _builder_version=&#8220;4.4.6&#8243;][et_pb_column type=&#8220;4_4&#8243; _builder_version=&#8220;4.4.6&#8243;][et_pb_text _builder_version=&#8220;4.4.6&#8243;]<\/p>\n<h2>Wen interessieren die N\u00e4hrwertangaben f\u00fcr Rezepte?<\/h2>\n<h4>Kcal Angabe zum Abnehmen<\/h4>\n<p>Die N\u00e4hrwertangaben f\u00fcr Rezepte sind f\u00fcr verschiedene Leute von Interesse. Zum einen interessieren sich vor allem diejenigen, die Abnehmen wollen f\u00fcr die N\u00e4hrwertangaben. Wer Abnehmen will, muss sicherstellen, dass seine Energiebilanz im Gleichgewicht bleibt und mittelfristig mehr Kalorien verbraucht werden als aufgenommen werden. Die Kcal Angabe f\u00fcr Rezepte ist da super relevant, damit man wei\u00df, wie viele Kalorien mit jeder Mahlzeit aufgenommen werden. Abgesehen vom Rezeptrechner habe ich auch noch einen <a href=\"https:\/\/www.rezeptrechner-online.de\/blog\/abnehmrechner-dauer-kaloriendefizit\/\" target=\"_blank\" rel=\"noopener noreferrer\">Abnehmrechner<\/a> entwickelt, mit dem man die Abnehmdauer und das t\u00e4gliche Kaloriendefizit berechnen kann. F\u00fcr diejenigen, die abnehmen wollen, fungiert der Rezeptrechner also vor allem als <a href=\"https:\/\/www.rezeptrechner-online.de\/blog\/category\/abnehmen\/kalorienrechner\/\" target=\"_blank\" rel=\"noopener noreferrer\">Kalorienrechner<\/a>.<\/p>\n<h4>Kohlenhydrate f\u00fcr Low Carb Di\u00e4t<\/h4>\n<p>Abgesehen von der Kcal Angabe sind f\u00fcr viele auch die Kohlenhydrate von Interesse. Wer sich f\u00fcr eine Low Carb Ern\u00e4hrung entschieden hat um abzunehmen, der muss sicherstellen, dass er vor allem Rezepte ohne Kohlenhydrate bzw. mit sehr wenig Kohlenhydraten zu sich nimmt. Um die Kohlenhydrate Berechnen zu k\u00f6nnen, kann man nat\u00fcrlich ebenfalls den Rezeptrechner verwenden. Wer prim\u00e4r Rezepte von meinem Rezepte Blog Chooseyourlevel verwendet, der spart sich sogar die Eingabe da ich f\u00fcr all meine Rezepte auf Chooseyourlevel schon die N\u00e4hrwertangaben berechnet habe.<\/p>\n<h4>Broteinheiten f\u00fcr Diabetiker<\/h4>\n<p>Die meisten Diabetiker interessieren sich f\u00fcr die Broteinheiten bzw. Kohlenhydrateinheiten der Rezepte. F\u00fcr Menschen mit Diabetes fungiert der Rezeptrechner somit also vor allem als sogenannter <a href=\"https:\/\/www.rezeptrechner-online.de\/blog\/be-rechner\/\" target=\"_blank\" rel=\"noopener noreferrer\">BE Rechner<\/a> oder Broteinheiten Rechner. Die Broteinheiten geben letztlich auch an, wie viele Kohlenhydrate eine Mahlzeit bzw. ein Rezept beinhaltet. Mit dem Rezeptrechner kann man die Broteinheiten Berechnen f\u00fcr seine Mahlzeiten je 100g, je Portion und je Rezept.\u00a0<\/p>\n<p>[\/et_pb_text][\/et_pb_column][\/et_pb_row][et_pb_row column_structure=&#8220;1_2,1_2&#8243; _builder_version=&#8220;4.4.6&#8243;][et_pb_column type=&#8220;1_2&#8243; _builder_version=&#8220;4.4.6&#8243;][et_pb_text _builder_version=&#8220;4.4.6&#8243; hover_enabled=&#8220;0&#8243;]<\/p>\n<h2>Rezepte mit Kcal Angabe &amp; N\u00e4hrwerte<\/h2>\n<p>Eine kleine Auswahl f\u00fcr Rezepte mit N\u00e4hrwertangaben findest du hier im Rezeptrechner Blog. Die weitaus gr\u00f6\u00dfere Auswahl f\u00fcr Rezepte mit N\u00e4hrwertangaben findest du jedoch auf Chooseyourlevel. Chooseyourlevel ist meine zweite Webseite. Beim Rezeptrechner geht es mir prim\u00e4r darum meine <a href=\"https:\/\/www.rezeptrechner-online.de\/blog\/hilfreiche-rechner\/\" target=\"_blank\" rel=\"noopener noreferrer\">Online Rechner<\/a> zu vereinen. Auf Chooseyourlevel hingegen vermittle ich prim\u00e4r Wissen zum Abnehmen. Dabei fokussiere ich mich auf die Low Carb Di\u00e4t und teile demnach dort auch jede Menge <a href=\"https:\/\/www.chooseyourlevel.de\/low-carb-rezepte-mit-naehrwertangaben\/\" target=\"_blank\" rel=\"noopener noreferrer\">Low Carb Rezepte mit N\u00e4hrwertangaben<\/a>. Bei dieser Ern\u00e4hrungsform versucht man meistens maximal 50-100g Kohlenhydrate am Tag zu sich zu nehmen. Einige Rezepte f\u00fcr einen Ern\u00e4hrungsplan mit <a href=\"https:\/\/www.rezeptrechner-online.de\/blog\/50g-kohlenhydrate-am-tag-rezepte-ernaehrungsplan\/\" target=\"_blank\" rel=\"noopener noreferrer\">maximal 50g Kohlenhydrate am Tag<\/a> findest du auch hier. Dabei sind die Rezept mit Kcal Angaben und N\u00e4hrwerten ausgestattet. Zudem findet man zu jedem Rezept eine Verlinkung zu dem jeweiligen Eintrag mit allen Zutaten im Rezeptrechner sodass man die N\u00e4hrwerte auch individuell anpassen kann.\u00a0<\/p>\n<p>[\/et_pb_text][\/et_pb_column][et_pb_column type=&#8220;1_2&#8243; _builder_version=&#8220;4.4.6&#8243;][et_pb_post_slider posts_number=&#8220;30&#8243; include_categories=&#8220;1002&#8243; _builder_version=&#8220;4.4.6&#8243;][\/et_pb_post_slider][\/et_pb_column][\/et_pb_row][\/et_pb_section]<\/p>\n","protected":false},"excerpt":{"rendered":"<p>Hier findest du eine kleine Auswahl f\u00fcr Rezepte mit N\u00e4hrwertangaben. F\u00fcr alle Rezepte kannst du die N\u00e4hrwerte Berechnen und anpassen mit dem Rezeptrechner.<\/p>\n","protected":false},"author":2,"featured_media":0,"parent":0,"menu_order":0,"comment_status":"closed","ping_status":"closed","template":"","meta":{"_et_pb_use_builder":"on","_et_pb_old_content":"Rezepte mit N\u00e4hrwertangaben","_et_gb_content_width":"","footnotes":""},"class_list":["post-4407","page","type-page","status-publish","hentry"],"yoast_head":"<!-- This site is optimized with the Yoast SEO Premium plugin v27.0 (Yoast SEO v27.0) - https:\/\/yoast.com\/product\/yoast-seo-premium-wordpress\/ -->\n<title>Rezepte mit N\u00e4hrwertangaben &#060; Rezeptrechner<\/title>\n<meta name=\"description\" content=\"Hier findest du eine kleine Auswahl f\u00fcr Rezepte mit N\u00e4hrwertangaben. F\u00fcr alle Rezepte kannst du die N\u00e4hrwerte Berechnen und anpassen mit dem Rezeptrechner.\" \/>\n<meta name=\"robots\" content=\"index, follow, max-snippet:-1, max-image-preview:large, max-video-preview:-1\" \/>\n<link rel=\"canonical\" href=\"https:\/\/rezeptrechner-online.de\/blog\/rezepte-mit-naehrwertangaben\/\" \/>\n<meta property=\"og:locale\" content=\"de_DE\" \/>\n<meta property=\"og:type\" content=\"article\" \/>\n<meta property=\"og:title\" content=\"Rezepte mit N\u00e4hrwertangaben\" \/>\n<meta property=\"og:description\" content=\"Hier findest du eine kleine Auswahl f\u00fcr Rezepte mit N\u00e4hrwertangaben. F\u00fcr alle Rezepte kannst du die N\u00e4hrwerte Berechnen und anpassen mit dem Rezeptrechner.\" \/>\n<meta property=\"og:url\" content=\"https:\/\/rezeptrechner-online.de\/blog\/rezepte-mit-naehrwertangaben\/\" \/>\n<meta property=\"og:site_name\" content=\"Rezeptrechner\" \/>\n<meta property=\"article:modified_time\" content=\"2020-05-09T15:56:54+00:00\" \/>\n<meta name=\"twitter:card\" content=\"summary_large_image\" \/>\n<meta name=\"twitter:label1\" content=\"Gesch\u00e4tzte Lesezeit\" \/>\n\t<meta name=\"twitter:data1\" content=\"4\u00a0Minuten\" \/>\n<script type=\"application\/ld+json\" class=\"yoast-schema-graph\">{\"@context\":\"https:\/\/schema.org\",\"@graph\":[{\"@type\":\"WebPage\",\"@id\":\"https:\/\/rezeptrechner-online.de\/blog\/rezepte-mit-naehrwertangaben\/\",\"url\":\"https:\/\/rezeptrechner-online.de\/blog\/rezepte-mit-naehrwertangaben\/\",\"name\":\"Rezepte mit N\u00e4hrwertangaben &#060; Rezeptrechner\",\"isPartOf\":{\"@id\":\"https:\/\/rezeptrechner-online.de\/blog\/#website\"},\"datePublished\":\"2020-05-09T15:50:58+00:00\",\"dateModified\":\"2020-05-09T15:56:54+00:00\",\"description\":\"Hier findest du eine kleine Auswahl f\u00fcr Rezepte mit N\u00e4hrwertangaben. F\u00fcr alle Rezepte kannst du die N\u00e4hrwerte Berechnen und anpassen mit dem Rezeptrechner.\",\"breadcrumb\":{\"@id\":\"https:\/\/rezeptrechner-online.de\/blog\/rezepte-mit-naehrwertangaben\/#breadcrumb\"},\"inLanguage\":\"de\",\"potentialAction\":[{\"@type\":\"ReadAction\",\"target\":[\"https:\/\/rezeptrechner-online.de\/blog\/rezepte-mit-naehrwertangaben\/\"]}]},{\"@type\":\"BreadcrumbList\",\"@id\":\"https:\/\/rezeptrechner-online.de\/blog\/rezepte-mit-naehrwertangaben\/#breadcrumb\",\"itemListElement\":[{\"@type\":\"ListItem\",\"position\":1,\"name\":\"Startseite\",\"item\":\"https:\/\/rezeptrechner-online.de\/blog\/\"},{\"@type\":\"ListItem\",\"position\":2,\"name\":\"Rezepte mit N\u00e4hrwertangaben\"}]},{\"@type\":\"WebSite\",\"@id\":\"https:\/\/rezeptrechner-online.de\/blog\/#website\",\"url\":\"https:\/\/rezeptrechner-online.de\/blog\/\",\"name\":\"Rezeptrechner\",\"description\":\"Blog\",\"potentialAction\":[{\"@type\":\"SearchAction\",\"target\":{\"@type\":\"EntryPoint\",\"urlTemplate\":\"https:\/\/rezeptrechner-online.de\/blog\/?s={search_term_string}\"},\"query-input\":{\"@type\":\"PropertyValueSpecification\",\"valueRequired\":true,\"valueName\":\"search_term_string\"}}],\"inLanguage\":\"de\"}]}<\/script>\n<!-- \/ Yoast SEO Premium plugin. -->","yoast_head_json":{"title":"Rezepte mit N\u00e4hrwertangaben &#060; Rezeptrechner","description":"Hier findest du eine kleine Auswahl f\u00fcr Rezepte mit N\u00e4hrwertangaben. F\u00fcr alle Rezepte kannst du die N\u00e4hrwerte Berechnen und anpassen mit dem Rezeptrechner.","robots":{"index":"index","follow":"follow","max-snippet":"max-snippet:-1","max-image-preview":"max-image-preview:large","max-video-preview":"max-video-preview:-1"},"canonical":"https:\/\/rezeptrechner-online.de\/blog\/rezepte-mit-naehrwertangaben\/","og_locale":"de_DE","og_type":"article","og_title":"Rezepte mit N\u00e4hrwertangaben","og_description":"Hier findest du eine kleine Auswahl f\u00fcr Rezepte mit N\u00e4hrwertangaben. F\u00fcr alle Rezepte kannst du die N\u00e4hrwerte Berechnen und anpassen mit dem Rezeptrechner.","og_url":"https:\/\/rezeptrechner-online.de\/blog\/rezepte-mit-naehrwertangaben\/","og_site_name":"Rezeptrechner","article_modified_time":"2020-05-09T15:56:54+00:00","twitter_card":"summary_large_image","twitter_misc":{"Gesch\u00e4tzte Lesezeit":"4\u00a0Minuten"},"schema":{"@context":"https:\/\/schema.org","@graph":[{"@type":"WebPage","@id":"https:\/\/rezeptrechner-online.de\/blog\/rezepte-mit-naehrwertangaben\/","url":"https:\/\/rezeptrechner-online.de\/blog\/rezepte-mit-naehrwertangaben\/","name":"Rezepte mit N\u00e4hrwertangaben &#060; Rezeptrechner","isPartOf":{"@id":"https:\/\/rezeptrechner-online.de\/blog\/#website"},"datePublished":"2020-05-09T15:50:58+00:00","dateModified":"2020-05-09T15:56:54+00:00","description":"Hier findest du eine kleine Auswahl f\u00fcr Rezepte mit N\u00e4hrwertangaben. F\u00fcr alle Rezepte kannst du die N\u00e4hrwerte Berechnen und anpassen mit dem Rezeptrechner.","breadcrumb":{"@id":"https:\/\/rezeptrechner-online.de\/blog\/rezepte-mit-naehrwertangaben\/#breadcrumb"},"inLanguage":"de","potentialAction":[{"@type":"ReadAction","target":["https:\/\/rezeptrechner-online.de\/blog\/rezepte-mit-naehrwertangaben\/"]}]},{"@type":"BreadcrumbList","@id":"https:\/\/rezeptrechner-online.de\/blog\/rezepte-mit-naehrwertangaben\/#breadcrumb","itemListElement":[{"@type":"ListItem","position":1,"name":"Startseite","item":"https:\/\/rezeptrechner-online.de\/blog\/"},{"@type":"ListItem","position":2,"name":"Rezepte mit N\u00e4hrwertangaben"}]},{"@type":"WebSite","@id":"https:\/\/rezeptrechner-online.de\/blog\/#website","url":"https:\/\/rezeptrechner-online.de\/blog\/","name":"Rezeptrechner","description":"Blog","potentialAction":[{"@type":"SearchAction","target":{"@type":"EntryPoint","urlTemplate":"https:\/\/rezeptrechner-online.de\/blog\/?s={search_term_string}"},"query-input":{"@type":"PropertyValueSpecification","valueRequired":true,"valueName":"search_term_string"}}],"inLanguage":"de"}]}},"_links":{"self":[{"href":"https:\/\/rezeptrechner-online.de\/blog\/wp-json\/wp\/v2\/pages\/4407","targetHints":{"allow":["GET"]}}],"collection":[{"href":"https:\/\/rezeptrechner-online.de\/blog\/wp-json\/wp\/v2\/pages"}],"about":[{"href":"https:\/\/rezeptrechner-online.de\/blog\/wp-json\/wp\/v2\/types\/page"}],"author":[{"embeddable":true,"href":"https:\/\/rezeptrechner-online.de\/blog\/wp-json\/wp\/v2\/users\/2"}],"replies":[{"embeddable":true,"href":"https:\/\/rezeptrechner-online.de\/blog\/wp-json\/wp\/v2\/comments?post=4407"}],"version-history":[{"count":21,"href":"https:\/\/rezeptrechner-online.de\/blog\/wp-json\/wp\/v2\/pages\/4407\/revisions"}],"predecessor-version":[{"id":4442,"href":"https:\/\/rezeptrechner-online.de\/blog\/wp-json\/wp\/v2\/pages\/4407\/revisions\/4442"}],"wp:attachment":[{"href":"https:\/\/rezeptrechner-online.de\/blog\/wp-json\/wp\/v2\/media?parent=4407"}],"curies":[{"name":"wp","href":"https:\/\/api.w.org\/{rel}","templated":true}]}}